{"id":2,"date":"2014-03-16T18:45:02","date_gmt":"2014-03-16T18:45:02","guid":{"rendered":"http:\/\/www.vizonart.com\/?page_id=2"},"modified":"2023-03-02T13:59:05","modified_gmt":"2023-03-02T10:59:05","slug":"ornek-sayfa","status":"publish","type":"page","link":"http:\/\/www.vizonart.com\/?page_id=2","title":{"rendered":"\u0130let\u0130\u015f\u0130m"},"content":{"rendered":"<p><img loading=\"lazy\" decoding=\"async\" class=\"alignnone size-full wp-image-420\" src=\"http:\/\/www.vizonart.com\/wp-content\/uploads\/telephone-icon-512x512-copy.png\" alt=\"telephone-icon-512x512 copy\" width=\"200\" height=\"200\" align=\"right\" srcset=\"http:\/\/www.vizonart.com\/wp-content\/uploads\/telephone-icon-512x512-copy.png 200w, http:\/\/www.vizonart.com\/wp-content\/uploads\/telephone-icon-512x512-copy-150x150.png 150w, http:\/\/www.vizonart.com\/wp-content\/uploads\/telephone-icon-512x512-copy-77x77.png 77w, http:\/\/www.vizonart.com\/wp-content\/uploads\/telephone-icon-512x512-copy-65x65.png 65w\" sizes=\"(max-width: 200px) 100vw, 200px\" \/><\/p>\n<p>Gsm : (0532) 511 54 45<\/p>\n<p>Gsm: (0537) 652 56 19<br \/>\n<a href=\"mailto:sezen.kaya@vizonart.com\" target=\"_top\" rel=\"noopener noreferrer\"><br \/>\ne-mail: sezen.kaya@vizonart.com<\/a><\/p>\n<p><a href=\"mailto:sezgor@hotmail.com\" target=\"_top\" rel=\"noopener noreferrer\">e-mail: sezgor@hotmail.com<\/a><\/p>\n","protected":false},"excerpt":{"rendered":"<p>Gsm : (0532) 511 54 45 Gsm: (0537) 652 56 19 e-mail: sezen.kaya@vizonart.com e-mail: sezgor@hotmail.com<\/p>\n","protected":false},"author":1,"featured_media":0,"parent":0,"menu_order":3,"comment_status":"open","ping_status":"open","template":"","meta":{"footnotes":""},"_links":{"self":[{"href":"http:\/\/www.vizonart.com\/index.php?rest_route=\/wp\/v2\/pages\/2"}],"collection":[{"href":"http:\/\/www.vizonart.com\/index.php?rest_route=\/wp\/v2\/pages"}],"about":[{"href":"http:\/\/www.vizonart.com\/index.php?rest_route=\/wp\/v2\/types\/page"}],"author":[{"embeddable":true,"href":"http:\/\/www.vizonart.com\/index.php?rest_route=\/wp\/v2\/users\/1"}],"replies":[{"embeddable":true,"href":"http:\/\/www.vizonart.com\/index.php?rest_route=%2Fwp%2Fv2%2Fcomments&post=2"}],"version-history":[{"count":62,"href":"http:\/\/www.vizonart.com\/index.php?rest_route=\/wp\/v2\/pages\/2\/revisions"}],"predecessor-version":[{"id":713,"href":"http:\/\/www.vizonart.com\/index.php?rest_route=\/wp\/v2\/pages\/2\/revisions\/713"}],"wp:attachment":[{"href":"http:\/\/www.vizonart.com\/index.php?rest_route=%2Fwp%2Fv2%2Fmedia&parent=2"}],"curies":[{"name":"wp","href":"https:\/\/api.w.org\/{rel}","templated":true}]}}